{"id":26400,"date":"2021-06-02T07:21:51","date_gmt":"2021-06-02T05:21:51","guid":{"rendered":"https:\/\/www.uspsy.fr\/?page_id=26400"},"modified":"2021-06-02T07:31:03","modified_gmt":"2021-06-02T05:31:03","slug":"syndicats-de-la-sante","status":"publish","type":"page","link":"https:\/\/www.uspsy.fr\/?page_id=26400","title":{"rendered":"Syndicats de la sant\u00e9"},"content":{"rendered":"\n<h4 class=\"wp-block-heading\">Syndicats de la sant\u00e9<\/h4>\n\n\n\n<div style=\"height:49px\" aria-hidden=\"true\" class=\"wp-block-spacer\"><\/div>\n\n\n\n<p>Actions Praticiens H\u00f4pital<br><a href=\"https:\/\/aph-france.fr\/\">https:\/\/aph-france.fr\/<\/a><\/p>\n\n\n\n<p>Conf\u00e9d\u00e9ration des praticiens des h\u00f4pitaux (CPH)<br><a href=\"http:\/\/www.chgweb.org\/\">http:\/\/www.chgweb.org<\/a><\/p>\n\n\n\n<p>S.N.P. Syndicat National des Psychologues &#8211; Premier Syndicat de Psychologues en France<br><a href=\"http:\/\/www.psychologues.org\/\">http:\/\/www.psychologues.org<\/a><\/p>\n\n\n\n<p>SPH Info<br><a href=\"http:\/\/www.sphweb.info\/squelettes\/qui.html\">http:\/\/www.sphweb.info\/squelettes\/qui.html<\/a><\/p>\n\n\n\n<p>Syndicat des psychiatres d\u2019exercice public (SPEP)<br><a href=\"http:\/\/www.spep.fr\/\">http:\/\/www.spep.fr\/<\/a><\/p>\n\n\n\n<p>Syndicat des psychiatres fran\u00e7ais (SPF) &#8211; Association fran\u00e7aise de psychiatrie<br><a href=\"https:\/\/psychiatrie-francaise.com\/\">https:\/\/psychiatrie-francaise.com\/<\/a><\/p>\n","protected":false},"excerpt":{"rendered":"<p>Syndicats de la sant\u00e9 Actions Praticiens H\u00f4pitalhttps:\/\/aph-france.fr\/ Conf\u00e9d\u00e9ration des praticiens des h\u00f4pitaux (CPH)http:\/\/www.chgweb.org S.N.P. Syndicat&hellip;<\/p>\n","protected":false},"author":1,"featured_media":0,"parent":0,"menu_order":0,"comment_status":"closed","ping_status":"closed","template":"","meta":{"footnotes":""},"class_list":["post-26400","page","type-page","status-publish","hentry"],"_links":{"self":[{"href":"https:\/\/www.uspsy.fr\/index.php?rest_route=\/wp\/v2\/pages\/26400","targetHints":{"allow":["GET"]}}],"collection":[{"href":"https:\/\/www.uspsy.fr\/index.php?rest_route=\/wp\/v2\/pages"}],"about":[{"href":"https:\/\/www.uspsy.fr\/index.php?rest_route=\/wp\/v2\/types\/page"}],"author":[{"embeddable":true,"href":"https:\/\/www.uspsy.fr\/index.php?rest_route=\/wp\/v2\/users\/1"}],"replies":[{"embeddable":true,"href":"https:\/\/www.uspsy.fr\/index.php?rest_route=%2Fwp%2Fv2%2Fcomments&post=26400"}],"version-history":[{"count":2,"href":"https:\/\/www.uspsy.fr\/index.php?rest_route=\/wp\/v2\/pages\/26400\/revisions"}],"predecessor-version":[{"id":26412,"href":"https:\/\/www.uspsy.fr\/index.php?rest_route=\/wp\/v2\/pages\/26400\/revisions\/26412"}],"wp:attachment":[{"href":"https:\/\/www.uspsy.fr\/index.php?rest_route=%2Fwp%2Fv2%2Fmedia&parent=26400"}],"curies":[{"name":"wp","href":"https:\/\/api.w.org\/{rel}","templated":true}]}}