{"id":26402,"date":"2021-06-02T07:23:21","date_gmt":"2021-06-02T05:23:21","guid":{"rendered":"https:\/\/www.uspsy.fr\/?page_id=26402"},"modified":"2021-06-02T07:32:20","modified_gmt":"2021-06-02T05:32:20","slug":"federations-syndicales","status":"publish","type":"page","link":"https:\/\/www.uspsy.fr\/?page_id=26402","title":{"rendered":"F\u00e9d\u00e9rations syndicales"},"content":{"rendered":"\n<h4 class=\"wp-block-heading\">F\u00e9d\u00e9rations syndicales<\/h4>\n\n\n\n<div style=\"height:50px\" aria-hidden=\"true\" class=\"wp-block-spacer\"><\/div>\n\n\n\n<p>F\u00e9d\u00e9ration CGT de la Sant\u00e9 et de l\u2019Action Sociale<br><a href=\"http:\/\/www.sante.cgt.fr\/\" target=\"_blank\" rel=\"noreferrer noopener\">http:\/\/www.sante.cgt.fr<\/a><\/p>\n\n\n\n<p>F\u00e9d\u00e9ration Nationale Sud Sant\u00e9-Sociaux<br><a href=\"http:\/\/www.sud-sante.org\/\" target=\"_blank\" rel=\"noreferrer noopener\">http:\/\/www.sud-sante.org<\/a><\/p>\n\n\n\n<p>Syndicat de la Magistrature<br><a href=\"http:\/\/www.syndicat-magistrature.org\/\" target=\"_blank\" rel=\"noreferrer noopener\">http:\/\/www.syndicat-magistrature.org\/<\/a><\/p>\n\n\n\n<p>Syndicat des avocats de France (SAF)<br><a href=\"http:\/\/lesaf.org\/\" target=\"_blank\" rel=\"noreferrer noopener\">http:\/\/lesaf.org\/<\/a><\/p>\n\n\n\n<p>Syndicat national des psychologues (SNP)<br><a href=\"https:\/\/psychologues.org\/\" target=\"_blank\" rel=\"noreferrer noopener\">https:\/\/psychologues.org\/<\/a><\/p>\n","protected":false},"excerpt":{"rendered":"<p>F\u00e9d\u00e9rations syndicales F\u00e9d\u00e9ration CGT de la Sant\u00e9 et de l\u2019Action Socialehttp:\/\/www.sante.cgt.fr F\u00e9d\u00e9ration Nationale Sud Sant\u00e9-Sociauxhttp:\/\/www.sud-sante.org&hellip;<\/p>\n","protected":false},"author":1,"featured_media":0,"parent":0,"menu_order":0,"comment_status":"closed","ping_status":"closed","template":"","meta":{"footnotes":""},"class_list":["post-26402","page","type-page","status-publish","hentry"],"_links":{"self":[{"href":"https:\/\/www.uspsy.fr\/index.php?rest_route=\/wp\/v2\/pages\/26402","targetHints":{"allow":["GET"]}}],"collection":[{"href":"https:\/\/www.uspsy.fr\/index.php?rest_route=\/wp\/v2\/pages"}],"about":[{"href":"https:\/\/www.uspsy.fr\/index.php?rest_route=\/wp\/v2\/types\/page"}],"author":[{"embeddable":true,"href":"https:\/\/www.uspsy.fr\/index.php?rest_route=\/wp\/v2\/users\/1"}],"replies":[{"embeddable":true,"href":"https:\/\/www.uspsy.fr\/index.php?rest_route=%2Fwp%2Fv2%2Fcomments&post=26402"}],"version-history":[{"count":2,"href":"https:\/\/www.uspsy.fr\/index.php?rest_route=\/wp\/v2\/pages\/26402\/revisions"}],"predecessor-version":[{"id":26417,"href":"https:\/\/www.uspsy.fr\/index.php?rest_route=\/wp\/v2\/pages\/26402\/revisions\/26417"}],"wp:attachment":[{"href":"https:\/\/www.uspsy.fr\/index.php?rest_route=%2Fwp%2Fv2%2Fmedia&parent=26402"}],"curies":[{"name":"wp","href":"https:\/\/api.w.org\/{rel}","templated":true}]}}