{"id":26420,"date":"2021-06-02T07:42:55","date_gmt":"2021-06-02T05:42:55","guid":{"rendered":"https:\/\/www.uspsy.fr\/?page_id=26420"},"modified":"2025-03-04T11:30:58","modified_gmt":"2025-03-04T10:30:58","slug":"bulletin-dadhesion-a-lunion-syndicale-de-la-psychiatrie","status":"publish","type":"page","link":"https:\/\/www.uspsy.fr\/?page_id=26420","title":{"rendered":"Bulletin d&rsquo;adh\u00e9sion \u00e0 l&rsquo;Union Syndicale de la Psychiatrie"},"content":{"rendered":"\n<h4 class=\"wp-block-heading\">Bulletin d&rsquo;adh\u00e9sion \u00e0 l&rsquo;Union Syndicale de la Psychiatrie<\/h4>\n\n\n\n<div style=\"height:50px\" aria-hidden=\"true\" class=\"wp-block-spacer\"><\/div>\n\n\n\n<p>T\u00e9l\u00e9charger le <a href=\"https:\/\/www.uspsy.fr\/wp-content\/uploads\/2025\/03\/Bulletin-dadhesion-et-demande-de-virement-USP_mars-2025.pdf\" data-type=\"URL\" data-id=\"https:\/\/www.uspsy.fr\/wp-content\/uploads\/2022\/03\/Bulletin-dadhesion-et-demande-de-virement-USP.pdf\" target=\"_blank\" rel=\"noreferrer noopener\">Bulletin d\u2019adh\u00e9sion et demande de virement USP 2025<\/a><\/p>\n","protected":false},"excerpt":{"rendered":"<p>Bulletin d&rsquo;adh\u00e9sion \u00e0 l&rsquo;Union Syndicale de la Psychiatrie T\u00e9l\u00e9charger le Bulletin d\u2019adh\u00e9sion et demande de&hellip;<\/p>\n","protected":false},"author":1,"featured_media":0,"parent":0,"menu_order":0,"comment_status":"closed","ping_status":"closed","template":"","meta":{"footnotes":""},"class_list":["post-26420","page","type-page","status-publish","hentry"],"_links":{"self":[{"href":"https:\/\/www.uspsy.fr\/index.php?rest_route=\/wp\/v2\/pages\/26420","targetHints":{"allow":["GET"]}}],"collection":[{"href":"https:\/\/www.uspsy.fr\/index.php?rest_route=\/wp\/v2\/pages"}],"about":[{"href":"https:\/\/www.uspsy.fr\/index.php?rest_route=\/wp\/v2\/types\/page"}],"author":[{"embeddable":true,"href":"https:\/\/www.uspsy.fr\/index.php?rest_route=\/wp\/v2\/users\/1"}],"replies":[{"embeddable":true,"href":"https:\/\/www.uspsy.fr\/index.php?rest_route=%2Fwp%2Fv2%2Fcomments&post=26420"}],"version-history":[{"count":6,"href":"https:\/\/www.uspsy.fr\/index.php?rest_route=\/wp\/v2\/pages\/26420\/revisions"}],"predecessor-version":[{"id":27180,"href":"https:\/\/www.uspsy.fr\/index.php?rest_route=\/wp\/v2\/pages\/26420\/revisions\/27180"}],"wp:attachment":[{"href":"https:\/\/www.uspsy.fr\/index.php?rest_route=%2Fwp%2Fv2%2Fmedia&parent=26420"}],"curies":[{"name":"wp","href":"https:\/\/api.w.org\/{rel}","templated":true}]}}