{"id":7241,"date":"2021-05-16T20:20:48","date_gmt":"2021-05-16T18:20:48","guid":{"rendered":"https:\/\/www.uspsy.fr\/?page_id=7241"},"modified":"2021-06-04T13:55:13","modified_gmt":"2021-06-04T11:55:13","slug":"mentions-legales","status":"publish","type":"page","link":"https:\/\/www.uspsy.fr\/?page_id=7241","title":{"rendered":"Mentions l\u00e9gales"},"content":{"rendered":"\n<h3 class=\"wp-block-heading\">Editeur de ce site internet<\/h3>\n\n\n\n<p>Union Syndicale de la Psychiatrie<br>52 rue Gallieni<br>92240 Malakoff<br>T\u00e9l.&nbsp;: 01 46 57 85 85<\/p>\n\n\n\n<h3 class=\"wp-block-heading\">Conception &#8211; R\u00e9alisation<\/h3>\n\n\n\n<p><a href=\"#\" target=\"_blank\" rel=\"noreferrer noopener\">E-Market UP<\/a><br>3 av d&rsquo;Anduze<br>30100 Al\u00e8s<br><\/p>\n\n\n\n<h3 class=\"wp-block-heading\">H\u00e9bergement du site internet<\/h3>\n\n\n\n<p><a href=\"http:\/\/www.pabmultimedia.com\/\">Association PAB MULTIMEDIA<\/a><br>17 chemin des Granges<br>73100 LE MONTCEL<br>T\u00e9l.\u00a0: 04 79 88 92 21<\/p>\n\n\n\n<h3 class=\"wp-block-heading\">RGPD<\/h3>\n\n\n\n<p>Toutes les informations collect\u00e9es sur USPSY sont destin\u00e9es \u00e0 l&rsquo;envoie d&rsquo;informations exclusivement par l&rsquo;Union Syndicale de la Psychiatrie (USP) et ne seront en aucun cas transmises \u00e0 d&rsquo;autres organismes ext\u00e9rieurs.<\/p>\n","protected":false},"excerpt":{"rendered":"<p>Editeur de ce site internet Union Syndicale de la Psychiatrie52 rue Gallieni92240 MalakoffT\u00e9l.&nbsp;: 01 46&hellip;<\/p>\n","protected":false},"author":1,"featured_media":0,"parent":0,"menu_order":0,"comment_status":"closed","ping_status":"closed","template":"","meta":{"footnotes":""},"class_list":["post-7241","page","type-page","status-publish","hentry"],"_links":{"self":[{"href":"https:\/\/www.uspsy.fr\/index.php?rest_route=\/wp\/v2\/pages\/7241","targetHints":{"allow":["GET"]}}],"collection":[{"href":"https:\/\/www.uspsy.fr\/index.php?rest_route=\/wp\/v2\/pages"}],"about":[{"href":"https:\/\/www.uspsy.fr\/index.php?rest_route=\/wp\/v2\/types\/page"}],"author":[{"embeddable":true,"href":"https:\/\/www.uspsy.fr\/index.php?rest_route=\/wp\/v2\/users\/1"}],"replies":[{"embeddable":true,"href":"https:\/\/www.uspsy.fr\/index.php?rest_route=%2Fwp%2Fv2%2Fcomments&post=7241"}],"version-history":[{"count":5,"href":"https:\/\/www.uspsy.fr\/index.php?rest_route=\/wp\/v2\/pages\/7241\/revisions"}],"predecessor-version":[{"id":26477,"href":"https:\/\/www.uspsy.fr\/index.php?rest_route=\/wp\/v2\/pages\/7241\/revisions\/26477"}],"wp:attachment":[{"href":"https:\/\/www.uspsy.fr\/index.php?rest_route=%2Fwp%2Fv2%2Fmedia&parent=7241"}],"curies":[{"name":"wp","href":"https:\/\/api.w.org\/{rel}","templated":true}]}}